{"id":1371,"date":"2026-02-10T17:15:16","date_gmt":"2026-02-10T16:15:16","guid":{"rendered":"https:\/\/qveg26.bmajor.digital\/impressum\/"},"modified":"2026-02-12T23:28:28","modified_gmt":"2026-02-12T22:28:28","slug":"impressum","status":"publish","type":"page","link":"https:\/\/qveg26.bmajor.digital\/de\/impressum\/","title":{"rendered":"Impressum"},"content":{"rendered":"\t\t<div data-elementor-type=\"wp-page\" data-elementor-id=\"1371\" class=\"elementor elementor-1371 elementor-542\" data-elementor-post-type=\"page\">\n\t\t\t\t<div class=\"elementor-element elementor-element-71d51e5a e-con-full e-flex e-con e-parent\" data-id=\"71d51e5a\" data-element_type=\"container\" data-e-type=\"container\" data-settings=\"{&quot;background_background&quot;:&quot;classic&quot;}\">\n\t\t\t\t<\/div>\n\t\t<div class=\"elementor-element elementor-element-4dcbe947 e-flex e-con-boxed e-con e-parent\" data-id=\"4dcbe947\" data-element_type=\"container\" data-e-type=\"container\">\n\t\t\t\t\t<div class=\"e-con-inner\">\n\t\t\t\t<div class=\"elementor-element elementor-element-5a1e66a6 elementor-widget__width-initial elementor-widget elementor-widget-heading\" data-id=\"5a1e66a6\" data-element_type=\"widget\" data-e-type=\"widget\" data-widget_type=\"heading.default\">\n\t\t\t\t\t<h2 class=\"elementor-heading-title elementor-size-default\">Datenschutzerkl\u00e4rung und Cookies<\/h2>\t\t\t\t<\/div>\n\t\t<div class=\"elementor-element elementor-element-78a1be7e e-flex e-con-boxed e-con e-child\" data-id=\"78a1be7e\" data-element_type=\"container\" data-e-type=\"container\">\n\t\t\t\t\t<div class=\"e-con-inner\">\n\t\t\t\t<div class=\"elementor-element elementor-element-27ab5549 elementor-widget elementor-widget-text-editor\" data-id=\"27ab5549\" data-element_type=\"widget\" data-e-type=\"widget\" data-widget_type=\"text-editor.default\">\n\t\t\t\t\t\t\t\t\t<p>Die folgende Datenschutzerkl\u00e4rung, die f\u00fcr die Nutzung unserer Website sowie f\u00fcr die dort angebotenen Dienste gilt, informiert Sie \u00fcber die Erhebung personenbezogener Daten w\u00e4hrend Ihres Besuchs. Durch die Nutzung dieser Website erkl\u00e4ren Sie sich mit der Verarbeitung Ihrer personenbezogenen Daten gem\u00e4\u00df dieser Datenschutzerkl\u00e4rung einverstanden.<\/p>\t\t\t\t\t\t\t\t<\/div>\n\t\t\t\t<div class=\"elementor-element elementor-element-44e08191 elementor-widget elementor-widget-heading\" data-id=\"44e08191\" data-element_type=\"widget\" data-e-type=\"widget\" data-widget_type=\"heading.default\">\n\t\t\t\t\t<h2 class=\"elementor-heading-title elementor-size-default\">Rechtliche Informationen<\/h2>\t\t\t\t<\/div>\n\t\t\t\t<div class=\"elementor-element elementor-element-8b38fce elementor-widget elementor-widget-text-editor\" data-id=\"8b38fce\" data-element_type=\"widget\" data-e-type=\"widget\" data-widget_type=\"text-editor.default\">\n\t\t\t\t\t\t\t\t\t<p>Die Website, die Sie besuchen, wird von der FONDATION HOMEOPATHIQUE PIERRE SCHMIDT herausgegeben, die unter der Handelsregisternummer CH-550.0.172.711-8 eingetragen ist.<\/p><p>Um uns zu kontaktieren, senden Sie uns bitte eine E-Mail an contact@fps.ch.<\/p>\t\t\t\t\t\t\t\t<\/div>\n\t\t\t\t\t<\/div>\n\t\t\t\t<\/div>\n\t\t<div class=\"elementor-element elementor-element-4d278fed e-flex e-con-boxed e-con e-child\" data-id=\"4d278fed\" data-element_type=\"container\" data-e-type=\"container\">\n\t\t\t\t\t<div class=\"e-con-inner\">\n\t\t\t\t<div class=\"elementor-element elementor-element-369b11af elementor-widget elementor-widget-heading\" data-id=\"369b11af\" data-element_type=\"widget\" data-e-type=\"widget\" data-widget_type=\"heading.default\">\n\t\t\t\t\t<h2 class=\"elementor-heading-title elementor-size-default\">Hosting-Anbieter<\/h2>\t\t\t\t<\/div>\n\t\t\t\t<div class=\"elementor-element elementor-element-12552d82 elementor-widget elementor-widget-text-editor\" data-id=\"12552d82\" data-element_type=\"widget\" data-e-type=\"widget\" data-widget_type=\"text-editor.default\">\n\t\t\t\t\t\t\t\t\tDie Website wird von <strong>Infomaniak<\/strong> gehostet, deren Hauptsitz sich in der <strong>Rue Eug\u00e8ne-Marziano 25, 1227 Genf<\/strong> befindet.\nSie k\u00f6nnen sie unter 022 820 35 40 erreichen.\t\t\t\t\t\t\t\t<\/div>\n\t\t\t\t\t<\/div>\n\t\t\t\t<\/div>\n\t\t<div class=\"elementor-element elementor-element-66f8317f e-flex e-con-boxed e-con e-child\" data-id=\"66f8317f\" data-element_type=\"container\" data-e-type=\"container\">\n\t\t\t\t\t<div class=\"e-con-inner\">\n\t\t\t\t<div class=\"elementor-element elementor-element-7d2fb02d elementor-widget elementor-widget-heading\" data-id=\"7d2fb02d\" data-element_type=\"widget\" data-e-type=\"widget\" data-widget_type=\"heading.default\">\n\t\t\t\t\t<h2 class=\"elementor-heading-title elementor-size-default\">Erfassung von Daten und allgemeinen Informationen<\/h2>\t\t\t\t<\/div>\n\t\t\t\t<div class=\"elementor-element elementor-element-7d936b6f elementor-widget elementor-widget-text-editor\" data-id=\"7d936b6f\" data-element_type=\"widget\" data-e-type=\"widget\" data-widget_type=\"text-editor.default\">\n\t\t\t\t\t\t\t\t\t<p>Wir erheben Daten und Informationen, die Sie uns freiwillig \u00fcber unsere Online-Dienste zur Verf\u00fcgung stellen, zum Beispiel wenn Sie Kontaktformulare verwenden. Bei jedem Aufruf der Website wird eine Reihe von allgemeinen Daten und Informationen erfasst und in den Logfiles des Servers gespeichert. Die erhobenen Daten k\u00f6nnen Folgendes umfassen: (i) die verwendeten Browsertypen und Versionen, (ii) das vom zugreifenden System verwendete Betriebssystem, (iii) das Datum und die Uhrzeit des Zugriffs auf die Website, (iv) eine IP-Adresse (Internet-Protokoll), (v) der Internet-Service-Provider des zugreifenden Systems und (vi) weitere \u00e4hnliche Daten und Informationen, die der Gefahrenabwehr im Falle von Angriffen auf unsere IT-Infrastruktur dienen.<\/p>\t\t\t\t\t\t\t\t<\/div>\n\t\t\t\t\t<\/div>\n\t\t\t\t<\/div>\n\t\t<div class=\"elementor-element elementor-element-a23d72a e-flex e-con-boxed e-con e-child\" data-id=\"a23d72a\" data-element_type=\"container\" data-e-type=\"container\">\n\t\t\t\t\t<div class=\"e-con-inner\">\n\t\t\t\t<div class=\"elementor-element elementor-element-288be554 elementor-widget elementor-widget-heading\" data-id=\"288be554\" data-element_type=\"widget\" data-e-type=\"widget\" data-widget_type=\"heading.default\">\n\t\t\t\t\t<h2 class=\"elementor-heading-title elementor-size-default\">Nutzung der erhobenen Daten und Informationen<\/h2>\t\t\t\t<\/div>\n\t\t\t\t<div class=\"elementor-element elementor-element-4df69fdf elementor-widget elementor-widget-text-editor\" data-id=\"4df69fdf\" data-element_type=\"widget\" data-e-type=\"widget\" data-widget_type=\"text-editor.default\">\n\t\t\t\t\t\t\t\t\t<p>Die erhobenen Daten und Informationen k\u00f6nnen verwendet werden, um:<\/p><ul><li>Ihre Erfahrung zu personalisieren und auf Ihre individuellen Bed\u00fcrfnisse einzugehen;<\/li><li>unsere Website zu verbessern;<\/li><li>die dauerhafte Funktionsf\u00e4higkeit unserer IT-Infrastruktur und der technischen Aspekte unserer Website zu gew\u00e4hrleisten;<\/li><li>den Strafverfolgungsbeh\u00f6rden im Falle eines Cyberangriffs die notwendigen Informationen bereitzustellen;<\/li><li>Ihre Support-Anfragen besser zu bearbeiten;<\/li><li>ein Gewinnspiel, eine Werbeaktion oder eine Umfrage zu verwalten.<\/li><\/ul><p> <\/p><p>Dar\u00fcber hinaus k\u00f6nnen wir diese Daten und Informationen einerseits zu statistischen Zwecken und andererseits mit dem Ziel analysieren, den Datenschutz und die Datensicherheit unserer IT-Infrastruktur zu verbessern.<\/p>\t\t\t\t\t\t\t\t<\/div>\n\t\t\t\t\t<\/div>\n\t\t\t\t<\/div>\n\t\t<div class=\"elementor-element elementor-element-1b4b232 e-flex e-con-boxed e-con e-child\" data-id=\"1b4b232\" data-element_type=\"container\" data-e-type=\"container\">\n\t\t\t\t\t<div class=\"e-con-inner\">\n\t\t\t\t<div class=\"elementor-element elementor-element-3c86b3ee elementor-widget elementor-widget-heading\" data-id=\"3c86b3ee\" data-element_type=\"widget\" data-e-type=\"widget\" data-widget_type=\"heading.default\">\n\t\t\t\t\t<h2 class=\"elementor-heading-title elementor-size-default\">Aufbewahrung der Daten<\/h2>\t\t\t\t<\/div>\n\t\t\t\t<div class=\"elementor-element elementor-element-323e7166 elementor-widget elementor-widget-text-editor\" data-id=\"323e7166\" data-element_type=\"widget\" data-e-type=\"widget\" data-widget_type=\"text-editor.default\">\n\t\t\t\t\t\t\t\t\t<p>Ihre personenbezogenen Daten werden so lange aufbewahrt, wie es zur Erf\u00fcllung unserer vertraglichen Verpflichtungen oder f\u00fcr andere Zwecke, f\u00fcr die wir die Daten verarbeiten, erforderlich ist, und in \u00dcbereinstimmung mit den gesetzlichen Aufbewahrungs- und Dokumentationsvorschriften. Wir werden die gesetzlichen und ethischen Anforderungen an die Aufbewahrung von Informationen ber\u00fccksichtigen. <\/p>\t\t\t\t\t\t\t\t<\/div>\n\t\t\t\t\t<\/div>\n\t\t\t\t<\/div>\n\t\t<div class=\"elementor-element elementor-element-f7e068 e-flex e-con-boxed e-con e-child\" data-id=\"f7e068\" data-element_type=\"container\" data-e-type=\"container\">\n\t\t\t\t\t<div class=\"e-con-inner\">\n\t\t\t\t<div class=\"elementor-element elementor-element-476774ba elementor-widget elementor-widget-heading\" data-id=\"476774ba\" data-element_type=\"widget\" data-e-type=\"widget\" data-widget_type=\"heading.default\">\n\t\t\t\t\t<h2 class=\"elementor-heading-title elementor-size-default\">Cookies<\/h2>\t\t\t\t<\/div>\n\t\t\t\t<div class=\"elementor-element elementor-element-2d58c303 elementor-widget elementor-widget-text-editor\" data-id=\"2d58c303\" data-element_type=\"widget\" data-e-type=\"widget\" data-widget_type=\"text-editor.default\">\n\t\t\t\t\t\t\t\t\t<p>Unsere Website verwendet Cookies. Cookies sind kleine Textdateien, die dazu dienen, kleine Informationseinheiten zu speichern. Sie werden auf Ihrem Ger\u00e4t gespeichert, wenn die Website in Ihrem Browser geladen wird. Diese Cookies helfen uns dabei, das ordnungsgem\u00e4\u00dfe Funktionieren der Website zu gew\u00e4hrleisten, sie sicherer zu machen, eine bessere Benutzererfahrung zu bieten und zu analysieren, was funktioniert und wo Verbesserungen erforderlich sind. Einige Cookies sind tempor\u00e4r und werden nach Ihrem Besuch gel\u00f6scht, w\u00e4hrend andere gespeichert werden k\u00f6nnen, um Besucher bei ihren n\u00e4chsten Besuchen wiederzuerkennen.<\/p>\t\t\t\t\t\t\t\t<\/div>\n\t\t\t\t\t<\/div>\n\t\t\t\t<\/div>\n\t\t<div class=\"elementor-element elementor-element-2051c86f e-flex e-con-boxed e-con e-child\" data-id=\"2051c86f\" data-element_type=\"container\" data-e-type=\"container\">\n\t\t\t\t\t<div class=\"e-con-inner\">\n\t\t\t\t<div class=\"elementor-element elementor-element-6ab7dba8 elementor-widget elementor-widget-heading\" data-id=\"6ab7dba8\" data-element_type=\"widget\" data-e-type=\"widget\" data-widget_type=\"heading.default\">\n\t\t\t\t\t<h2 class=\"elementor-heading-title elementor-size-default\">Kommunikationsmittel<\/h2>\t\t\t\t<\/div>\n\t\t\t\t<div class=\"elementor-element elementor-element-a106676 elementor-widget elementor-widget-text-editor\" data-id=\"a106676\" data-element_type=\"widget\" data-e-type=\"widget\" data-widget_type=\"text-editor.default\">\n\t\t\t\t\t\t\t\t\t<p>Die Website enth\u00e4lt Informationen, die eine schnelle elektronische Kontaktaufnahme sowie eine unmittelbare Kommunikation erm\u00f6glichen, was auch eine allgemeine E-Mail-Adresse einschlie\u00dft. Wenn Sie uns \u00fcber die auf unserer Website angebotenen Kommunikationskan\u00e4le kontaktieren, werden Ihre Kontaktdaten und Inhalte nur zur Bearbeitung und Beantwortung Ihrer Anfrage verwendet.<\/p>\t\t\t\t\t\t\t\t<\/div>\n\t\t\t\t\t<\/div>\n\t\t\t\t<\/div>\n\t\t<div class=\"elementor-element elementor-element-f0037d5 e-flex e-con-boxed e-con e-child\" data-id=\"f0037d5\" data-element_type=\"container\" data-e-type=\"container\">\n\t\t\t\t\t<div class=\"e-con-inner\">\n\t\t\t\t<div class=\"elementor-element elementor-element-f6d8913 elementor-widget elementor-widget-heading\" data-id=\"f6d8913\" data-element_type=\"widget\" data-e-type=\"widget\" data-widget_type=\"heading.default\">\n\t\t\t\t\t<h2 class=\"elementor-heading-title elementor-size-default\">Vertraulichkeit<\/h2>\t\t\t\t<\/div>\n\t\t\t\t<div class=\"elementor-element elementor-element-cc97c9b elementor-widget elementor-widget-text-editor\" data-id=\"cc97c9b\" data-element_type=\"widget\" data-e-type=\"widget\" data-widget_type=\"text-editor.default\">\n\t\t\t\t\t\t\t\t\t<p>Wir sind die alleinigen Eigent\u00fcmer der auf dieser Website erhobenen Informationen. Ihre personenbezogenen Daten werden ohne Ihre Zustimmung aus keinem Grund verkauft, getauscht, \u00fcbertragen oder an ein anderes Unternehmen weitergegeben, au\u00dfer in dem Umfang, der zur Erf\u00fcllung einer Anfrage erforderlich ist, wie zum Beispiel f\u00fcr den Postversand.<\/p>\t\t\t\t\t\t\t\t<\/div>\n\t\t\t\t\t<\/div>\n\t\t\t\t<\/div>\n\t\t<div class=\"elementor-element elementor-element-2207942d e-flex e-con-boxed e-con e-child\" data-id=\"2207942d\" data-element_type=\"container\" data-e-type=\"container\">\n\t\t\t\t\t<div class=\"e-con-inner\">\n\t\t\t\t<div class=\"elementor-element elementor-element-1b0f70a4 elementor-widget elementor-widget-heading\" data-id=\"1b0f70a4\" data-element_type=\"widget\" data-e-type=\"widget\" data-widget_type=\"heading.default\">\n\t\t\t\t\t<h2 class=\"elementor-heading-title elementor-size-default\">Schutz Ihrer Daten<\/h2>\t\t\t\t<\/div>\n\t\t\t\t<div class=\"elementor-element elementor-element-4d2786c8 elementor-widget elementor-widget-text-editor\" data-id=\"4d2786c8\" data-element_type=\"widget\" data-e-type=\"widget\" data-widget_type=\"text-editor.default\">\n\t\t\t\t\t\t\t\t\t<p>Die FONDATION HOMEOPATHIQUE PIERRE SCHMIDT hat angemessene Vorkehrungen getroffen, um Ihre personenbezogenen Daten vor unbefugtem Zugriff und Missbrauch zu sch\u00fctzen. Diese Sicherheitsma\u00dfnahmen umfassen IT- und Netzwerksicherheitsl\u00f6sungen sowie organisatorische Ma\u00dfnahmen.<\/p>\t\t\t\t\t\t\t\t<\/div>\n\t\t\t\t\t<\/div>\n\t\t\t\t<\/div>\n\t\t<div class=\"elementor-element elementor-element-11b6c40b e-flex e-con-boxed e-con e-child\" data-id=\"11b6c40b\" data-element_type=\"container\" data-e-type=\"container\">\n\t\t\t\t\t<div class=\"e-con-inner\">\n\t\t\t\t<div class=\"elementor-element elementor-element-4828ba16 elementor-widget elementor-widget-heading\" data-id=\"4828ba16\" data-element_type=\"widget\" data-e-type=\"widget\" data-widget_type=\"heading.default\">\n\t\t\t\t\t<h2 class=\"elementor-heading-title elementor-size-default\">Rechte gem\u00e4\u00df der Datenschutzgesetzgebung<\/h2>\t\t\t\t<\/div>\n\t\t\t\t<div class=\"elementor-element elementor-element-1663d6cd elementor-widget elementor-widget-text-editor\" data-id=\"1663d6cd\" data-element_type=\"widget\" data-e-type=\"widget\" data-widget_type=\"text-editor.default\">\n\t\t\t\t\t\t\t\t\t<p>Sie haben das Recht, Ihre Datenschutzrechte jederzeit auszu\u00fcben, insbesondere um Auskunft \u00fcber die von uns \u00fcber Sie gespeicherten Daten zu verlangen, deren Berichtigung oder L\u00f6schung zu fordern oder deren Verarbeitung zu widersprechen.<\/p>\t\t\t\t\t\t\t\t<\/div>\n\t\t\t\t\t<\/div>\n\t\t\t\t<\/div>\n\t\t<div class=\"elementor-element elementor-element-1be0da02 e-flex e-con-boxed e-con e-child\" data-id=\"1be0da02\" data-element_type=\"container\" data-e-type=\"container\">\n\t\t\t\t\t<div class=\"e-con-inner\">\n\t\t\t\t<div class=\"elementor-element elementor-element-6ffea1f7 elementor-widget elementor-widget-heading\" data-id=\"6ffea1f7\" data-element_type=\"widget\" data-e-type=\"widget\" data-widget_type=\"heading.default\">\n\t\t\t\t\t<h2 class=\"elementor-heading-title elementor-size-default\">\u00c4nderungen<\/h2>\t\t\t\t<\/div>\n\t\t\t\t<div class=\"elementor-element elementor-element-59fce02 elementor-widget elementor-widget-text-editor\" data-id=\"59fce02\" data-element_type=\"widget\" data-e-type=\"widget\" data-widget_type=\"text-editor.default\">\n\t\t\t\t\t\t\t\t\t<p>Wir k\u00f6nnen diese Datenschutzerkl\u00e4rung jederzeit ohne Vorank\u00fcndigung \u00e4ndern. Die aktuelle, auf unserer Website ver\u00f6ffentlichte Version stammt vom <strong>01. M\u00e4rz 2026<\/strong> und ist die g\u00fcltige Fassung. Wir empfehlen Ihnen daher, diese Datenschutzerkl\u00e4rung von Zeit zu Zeit erneut zu lesen.<\/p>\t\t\t\t\t\t\t\t<\/div>\n\t\t\t\t\t<\/div>\n\t\t\t\t<\/div>\n\t\t\t\t\t<\/div>\n\t\t\t\t<\/div>\n\t\t\t\t<\/div>\n\t\t","protected":false},"excerpt":{"rendered":"<p>Datenschutzerkl\u00e4rung und Cookies Die folgende Datenschutzerkl\u00e4rung, die f\u00fcr die Nutzung unserer Website sowie f\u00fcr die dort angebotenen Dienste gilt, informiert Sie \u00fcber die Erhebung personenbezogener Daten w\u00e4hrend Ihres Besuchs. Durch die Nutzung dieser Website erkl\u00e4ren Sie sich mit der Verarbeitung Ihrer personenbezogenen Daten gem\u00e4\u00df dieser Datenschutzerkl\u00e4rung einverstanden. Rechtliche Informationen Die Website, die Sie besuchen, wird [&hellip;]<\/p>\n","protected":false},"author":1,"featured_media":0,"parent":0,"menu_order":0,"comment_status":"closed","ping_status":"closed","template":"","meta":{"_acf_changed":false,"footnotes":""},"class_list":["post-1371","page","type-page","status-publish","hentry"],"acf":[],"_links":{"self":[{"href":"https:\/\/qveg26.bmajor.digital\/de\/wp-json\/wp\/v2\/pages\/1371","targetHints":{"allow":["GET"]}}],"collection":[{"href":"https:\/\/qveg26.bmajor.digital\/de\/wp-json\/wp\/v2\/pages"}],"about":[{"href":"https:\/\/qveg26.bmajor.digital\/de\/wp-json\/wp\/v2\/types\/page"}],"author":[{"embeddable":true,"href":"https:\/\/qveg26.bmajor.digital\/de\/wp-json\/wp\/v2\/users\/1"}],"replies":[{"embeddable":true,"href":"https:\/\/qveg26.bmajor.digital\/de\/wp-json\/wp\/v2\/comments?post=1371"}],"version-history":[{"count":2,"href":"https:\/\/qveg26.bmajor.digital\/de\/wp-json\/wp\/v2\/pages\/1371\/revisions"}],"predecessor-version":[{"id":1547,"href":"https:\/\/qveg26.bmajor.digital\/de\/wp-json\/wp\/v2\/pages\/1371\/revisions\/1547"}],"wp:attachment":[{"href":"https:\/\/qveg26.bmajor.digital\/de\/wp-json\/wp\/v2\/media?parent=1371"}],"curies":[{"name":"wp","href":"https:\/\/api.w.org\/{rel}","templated":true}]}}